{"id":290,"date":"2008-02-15T14:56:44","date_gmt":"2008-02-15T13:56:44","guid":{"rendered":"http:\/\/www.ikiru.ch\/blog\/reverien\/archives-nouvelles"},"modified":"2025-01-22T18:46:05","modified_gmt":"2025-01-22T23:46:05","slug":"archives-nouvelles","status":"publish","type":"page","link":"https:\/\/www.jcvignoli.com\/blog\/reverien\/archives-nouvelles","title":{"rendered":"archives-nouvelles"},"content":{"rendered":"\n<p><strong>retour \u00e0 la <a href=\"\/blog\/reverien\">page g\u00e9n\u00e9rale de R\u00e9v\u00e9rien Rurangwa<\/a><\/strong><\/p>\n\n\n\n<div align=\"center\">\n<h1>Informations pass\u00e9es sur la situation de R\u00e9v\u00e9rien Rurangwa<\/h1>\n<\/div>\n\n\n\n<p><strong>23.11.07 :<\/strong> La dossier a enfin \u00e9t\u00e9 compl\u00e9t\u00e9, et plus d&rsquo;un millier de signatures p\u00e9titionnaires envoy\u00e9es \u00e0 l&rsquo;Office f\u00e9d\u00e9ral des migrations ! Croisons les doigts, la demande d\u00e9pos\u00e9e a toutes les chances raisonnables d&rsquo;aboutir. D&rsquo;ici \u00e0 deux mois, nous devrions pouvoir vous informer ici-m\u00eame de la r\u00e9ussite ou non de cette action conjointe d&rsquo;hommes politiques, des services administratifs de Neuch\u00e2tel, et surtout de tant d&rsquo;hommes et de femmes pour qui R\u00e9v\u00e9rien doit avoir le droit de mener une vie normale en Suisse, apr\u00e8s tant de souffrances.<\/p>\n\n\n\n<hr class=\"wp-block-separator has-alpha-channel-opacity\"\/>\n\n\n\n<p><strong>16.10.07 :<\/strong> Comme pr\u00e9vu, le recours d\u00e9pos\u00e9 en 2006 par R\u00e9v\u00e9rien n&rsquo;a pas abouti; bien que \u00e7a fasse toujours un petit quelque chose, tout le monde en connaissant par avance l&rsquo;issue. La proc\u00e9dure pour la demande de permis \u00ab\u00a0humanitaire\u00a0\u00bb est cependant toujours active, et il ne manque plus qu&rsquo;une seule attestation pour exp\u00e9dier la requ\u00eate aupr\u00e8s des services f\u00e9d\u00e9raux concern\u00e9s. Cela devrait \u00eatre effectu\u00e9 ces prochains jours, et toutes les (montagnes de) p\u00e9titions et lettres de soutien suivront la m\u00eame voie. De source informelle, les chances sont vraiment tr\u00e8s bonnes. Certaines personnages politiques, soutiens de la premi\u00e8re heure de R\u00e9v\u00e9rien, sont d&rsquo;efficaces moteurs, et ont actionn\u00e9 les bons leviers, ce qui devrait donner de plus grandes chances encore d&rsquo;aboutir.<\/p>\n\n\n\n<p>Toute la Suisse n&rsquo;est pas toute enti\u00e8re x\u00e9nophobe; en cette p\u00e9riode tr\u00e8s particuli\u00e8re de notre ch\u00e8re Helv\u00e9tie, \u00e7a met un peu de baume au coeur.<\/p>\n\n\n\n<hr class=\"wp-block-separator has-alpha-channel-opacity\"\/>\n\n\n\n<p><strong>23.08.07 :<\/strong> Quelques nouvelles concernant la situation de R\u00e9v\u00e9rien. Ce n&rsquo;est pas que le service charg\u00e9 d&rsquo;effectuer la demande de permis tourne au ralenti durant l&rsquo;\u00e9t\u00e9, mais plut\u00f4t que des pi\u00e8ces constitutives primordiales au dossier se font attendre. Le service est en phase finale, et devrait tr\u00e8s prochainement envoyer le tout aupr\u00e8s des autorit\u00e9s f\u00e9d\u00e9rales, qui prendront une d\u00e9cision sur la situation de R\u00e9v\u00e9rien.<\/p>\n\n\n\n<p>Si vous avez \u00e9t\u00e9 proche de R\u00e9v\u00e9rien, ou que vous pouvez attester d&rsquo;une quelconque implantation dans la vie sociale de notre \u00e9crivain rwandais, pr\u00e9cipitez-vous sur un bloc de papier pour indiquez pourquoi R\u00e9v\u00e9rien compte pour vous, ou quel travail d&rsquo;importance pour le tissu neuch\u00e2telois a-t-il pu accomplir. C&rsquo;est par exemple, mais non exhaustivement, les conf\u00e9rences dans les \u00e9coles, un travail dans les f\u00eates, etc. Nous sommes d\u00e9j\u00e0 en contact avec certaines personnes qui peuvent attester de tels accomplissements, mais peut-\u00eatre en avons-nous manqu\u00e9; si vous vous reconnaissez, n&rsquo;h\u00e9sitez pas \u00e0 envoyer un courrier (papier ou \u00e9lectronique) \u00e0 :<\/p>\n\n\n\n<p><em>Mme Nicole Jeanneret<br \/>Cheffe de la direction juridique<br \/>du service des migrations<br \/>Rue de Tivoli 28<br \/>2000 Neuch\u00e2tel<\/em><\/p>\n\n\n\n<p>e-mail : nicole.jeanneret@ne.ch<\/p>\n\n\n\n<p>Pr\u00e9cisons que des envois ne correspondant pas aux crit\u00e8res \u00e9num\u00e9r\u00e9s seront contreproductifs (puisque surchageant ledit service); si votre d\u00e9sir de faire quelque chose pour R\u00e9v\u00e9rien est trop fort, vous pouvez toujours remplir la <img decoding=\"async\" src=\"\/blog\/wp-content\/images\/pdf.gif\" alt=\"pdf file\" height=\"16\"\/><a title=\"p\u00e9tition pour emp\u00eacher le renvoi de R\u00e9v\u00e9rien\" href=\"\/blog\/wp-content\/files\/petition_reverien_rurangwa.pdf\">p\u00e9tition<\/a>.<\/p>\n\n\n\n<p>Du c\u00f4t\u00e9 des p\u00e9titions, nous avons all\u00e9grement d\u00e9pass\u00e9 le millier : un millier de merci \u00e0 vous tous. Les prochaines nouvelles devraient faire part de l&rsquo;envoi du dossier. Esp\u00e9rons que la proc\u00e9dure soit rapide, et surtout&#8230; positive !<\/p>\n\n\n\n<hr class=\"wp-block-separator has-alpha-channel-opacity\"\/>\n\n\n\n<p><strong>15.5.07 :<\/strong> Rappel : la <img decoding=\"async\" src=\"\/blog\/wp-content\/images\/pdf.gif\" alt=\"pdf file\" height=\"16\"\/><a title=\"p\u00e9tition pour emp\u00eacher le renvoi de R\u00e9v\u00e9rien\" href=\"\/blog\/wp-content\/files\/petition_reverien_rurangwa.pdf\">p\u00e9tition<\/a> la <img decoding=\"async\" src=\"\/blog\/wp-content\/images\/pdf.gif\" alt=\"pdf file\" height=\"16\"\/><a href=\"\/blog\/wp-content\/files\/reverien_lettre_type_service_migrations.pdf\">lettre-type<\/a><br \/>Nous croulons sous les lettres, le Service des migrations neuch\u00e2telois croule sous les lettres, et tous ces t\u00e9moignages d&rsquo;humanit\u00e9 touchent \u00e9norm\u00e9ment R\u00e9v\u00e9rien. Laissez-nous tous vous remercier pour votre extraordinaire gentillesse et compassion, aucun d&rsquo;entre-nous ne s&rsquo;attendait \u00e0 un tel engouement. Si quelque chose devait aboutir prochainement, croyez bien que votre action aura \u00e9t\u00e9 d\u00e9terminante.<\/p>\n\n\n\n<p>Quelques petites rectifications et ajouts toutefois, fruits d&rsquo;un entretien tr\u00e8s productif de ce jour avec le Service des migrations :<\/p>\n\n\n\n<p>&#8211; Il ne sert \u00e0 rien de faire parvenir les lettres de soutien sign\u00e9es par des enfants. La tranche d&rsquo;\u00e2ge indiqu\u00e9e pr\u00e9c\u00e9demment allant de \u00ab\u00a05 \u00e0 105 ans\u00a0\u00bb \u00e9tait un clin d&rsquo;oeil, peut-\u00eatre mal amen\u00e9 dans le communiqu\u00e9. Navr\u00e9 que cela ait pu induire en erreur certaines personnes voulant aider R\u00e9v\u00e9rien. Pr\u00e9cisions alors ceci : pour signer les lettres, il est n\u00e9cessaire que l&rsquo;engagement soit le fait d&rsquo;adultes. Qu&rsquo;\u00e0 cela ne tienne, si vous \u00eates enseignant, vous pouvez toujours demander \u00e0 R\u00e9v\u00e9rien de venir t\u00e9moigner de son pass\u00e9 pour rappeler ce qu&rsquo;\u00e9tait le Rwanda en 1994 &#8211; il le fait d\u00e9j\u00e0 beaucoup. Ou si vous d\u00e9sirez \u00e0 tout prix lui montrer votre soutien, on pourrait imaginer un envoi des dessins de soutiens faits par des enfant, allez savoir. Nous ne souhaitons pas impliquer des enfants dans les proc\u00e9dures politiques actuelles, mais nous ne d\u00e9couragerons jamais les bonnes volont\u00e9s.<\/p>\n\n\n\n<p>&#8211; Il nous a \u00e9t\u00e9 pr\u00e9cis\u00e9 que les <a href=\"\/blog\/wp-content\/files\/reverien_lettre_type_service_migrations.pdf\">lettres-type<\/a> ont, pour faire simple, un poids plus d\u00e9cisif lorsqu&rsquo;elles \u00e9manent des proches de R\u00e9v\u00e9rien. Ce qui ne signifie pas que les lettres d\u00e9j\u00e0 envoy\u00e9es n&rsquo;auront aucun impact, puisqu&rsquo;elles auront d\u00e9j\u00e0 eu le m\u00e9rite ne serait-ce que de montrer la mobilisation potentielle en cas de nouveau refus de l&rsquo;Office des migrations. La forte quantit\u00e9 de courriers re\u00e7us a \u00e9tonn\u00e9 tout le monde, et ce genre d&rsquo;\u00e9tonnement, dans ce genre de cas, c&rsquo;est toujours un signe positif. Cependant, nous encourageons vivement \u00e0 \u00e9crire (une lettre-type ou non) un courrier si vous connaissez R\u00e9v\u00e9rien personnellement, avez particip\u00e9 avec lui \u00e0 une activit\u00e9 quelconque avec lui, avez connaissances de ses engagements dans des activit\u00e9s. Vous avez invit\u00e9 R\u00e9v\u00e9rien \u00e0 donner une conf\u00e9rence ? Ecrivez. Vous avez \u00e9tudi\u00e9 avec lui \u00e0 l&rsquo;\u00e9cole B\u00e9n\u00e9dict ? Ecrivez. Vous le connaissez en tant qu&rsquo;ami ? Ecrivez.<\/p>\n\n\n\n<p>Sachez d&rsquo;autre part qu&rsquo;aucun geste de soutien n&rsquo;est vraiment inutile. Il risque simplement de ne pas \u00eatre imm\u00e9diatement exploitable, mais faire parler de R\u00e9v\u00e9rien autour de vous, inciter des gens \u00e0 signer la p\u00e9tition (pour laquelle nous d\u00e9passons all\u00e9grement les 600 signatures !), ce n&rsquo;est jamais vraiment en vain. Si aujourd&rsquo;hui, tant de monde s&rsquo;int\u00e9resse au sort de R\u00e9v\u00e9rien, c&rsquo;est gr\u00e2ce \u00e0 ce fantastique bouche-\u00e0-oreille auquel vous participez.<\/p>\n\n\n\n<hr class=\"wp-block-separator has-alpha-channel-opacity\"\/>\n\n\n\n<p><strong>10.5.07 :<\/strong> Merci \u00e0 tous pour les nombreuses lettres de t\u00e9moignage, p\u00e9titions, et lettres d\u00e9j\u00e0 re\u00e7ues. C&rsquo;est une joie sans limite que de voir qu&rsquo;autant de personnes sont pr\u00eates \u00e0 investir du temps et de la volont\u00e9 dans l&rsquo;aide d&rsquo;autrui. Rectification cependant quant \u00e0 l&rsquo;article paru le 8 mai dans l&rsquo;Impartial : les lettres de soutien R\u00e9v\u00e9rien ne sont pas une p\u00e9tition (puisque celle-ci est men\u00e9e en parall\u00e8le) et rien de d\u00e9finitif concernant son Permis B n&rsquo;a \u00e9t\u00e9 jug\u00e9.<\/p>\n\n\n\n<p>On parle \u00e9norm\u00e9ment de R\u00e9v\u00e9rien ces temps-ci dans les m\u00e9dias, et c&rsquo;est gr\u00e2ce \u00e0 vous tous. Merci encore.<\/p>\n\n\n\n<hr class=\"wp-block-separator has-alpha-channel-opacity\"\/>\n\n\n\n<p><strong>28.4.07 :<\/strong> R\u00e9v\u00e9rien a besoin de toutes les bonnes volont\u00e9s. Mais c&rsquo;est un peu plus qu&rsquo;une simple signature, puisqu&rsquo;il s&rsquo;agit de r\u00e9unir autant de lettres de soutien que possible. Une seule condition : \u00eatre suisse.<\/p>\n\n\n\n<p><strong>Si vous \u00eates Suisse, <span style=\"text-decoration: line-through;\">entre 5 et 105 ans<\/span> adulte, et que vous souhaitez faire un petit geste, vous avez plusieurs possibilit\u00e9s pour l&rsquo;aider :<\/strong><\/p>\n\n\n\n<p>A\/ t\u00e9l\u00e9charger cette <a href=\"\/blog\/wp-content\/files\/reverien_lettre_type_service_migrations.pdf\">lettre-type<\/a>, et la remplir int\u00e9gralement, sans oublier de la signer. Le mieux est \u00e9videmment de recopier \u00e0 la main la lettre, histoire de la personnaliser le plus possible, mais c&rsquo;est \u00e0 vous de voir. Puis :<\/p>\n\n\n\n<ol class=\"wp-block-list\">\n<li>L&rsquo;envoyer directement \u00e0 l&rsquo;adresse indiqu\u00e9e sur le courrier.<\/li>\n\n\n\n<li>L&rsquo;envoyer par e-mail, une fois scann\u00e9 (signature oblige) \u00e0 Nicole Jeanneret, responsable du d\u00e9partement juridique du service des migrations de Neuch\u00e2tel, adresse e-mail : smig@ne.ch<\/li>\n\n\n\n<li>Nous l&rsquo;envoyer \u00e0<br \/><br \/><blockquote><p>Tatiana Geiser<br \/>Vigner 10<br \/>2072 Saint-Blaise \/ Neuch\u00e2tel<\/p><\/blockquote><br \/><p>Nous collecterons toutes les (nombreuses !) p\u00e9titions d\u00e9j\u00e0 re\u00e7ues, et l&rsquo;enverrons en bloc au service concern\u00e9.<\/p><br \/><\/li>\n<\/ol>\n\n\n\n<p>B\/ Faire par vous-m\u00eame un courrier personnalis\u00e9. Ici encore, vous pouvez nous l&rsquo;envoyer si tel est votre d\u00e9sir.<\/p>\n\n\n\n<p>Voil\u00e0, on se rapproche de pouvoir obtenir un permis pour R\u00e9v\u00e9rien; le service en question peut d\u00e9poser des demandes de permis humanitaire aupr\u00e8s de l&rsquo;Office des Migrations, et ce type de demande a des chances s\u00e9rieuses de pouvoir aboutir.<\/p>\n\n\n\n<p>Toutes les p\u00e9titions re\u00e7ues nous sont utiles. Le p\u00e9titions prouvent, elles aussi, l&rsquo;engouement cr\u00e9\u00e9 par la situation de R\u00e9v\u00e9rien, un \u00e9l\u00e9ment d\u00e9terminant pour une \u00e9ventuelle d\u00e9cision des autorit\u00e9s suisses. Mais le d\u00e9lai est extr\u00eamement court : le service des migrations s&rsquo;appr\u00eate \u00e0 d\u00e9poser sa demande (pour autant qu&rsquo;il y ait suffisamment de \u00ab\u00a0mati\u00e8re\u00a0\u00bb) autour de la mi-mai. Le d\u00e9lai extr\u00eamement court demande une aide extr\u00eamement rapide. Essayez de nous envoyer ou d&rsquo;envoyer au service d\u00e8s que possible une lettre personnalis\u00e9e ou une lettre type, <strong>le mieux \u00e9tant avant le 15 mai 2007<\/strong>.<\/p>\n\n\n\n<p>Toutes les p\u00e9titions \u00e0 recevoir son aussi importantes, car nous ne sommes pas certain de voir la proc\u00e9dure actuelle \u00eatre couronn\u00e9e de succ\u00e8s.<\/p>\n\n\n\n<p>Merci de tout coeur ! Votre aide est, plus que jamais, d\u00e9terminante !<\/p>\n\n\n\n<hr class=\"wp-block-separator has-alpha-channel-opacity\"\/>\n\n\n\n<p><strong>27.4.07 :<\/strong> On indiquera ici-m\u00eame la proc\u00e9dure, mais quel bonheur si vous pouviez nous donner un petit coup de pouce pour la piste la plus prometteuse qu&rsquo;ait R\u00e9v\u00e9rien : il a peut-\u00eatre la possibilit\u00e9 d&rsquo;obtenir un permis d&rsquo;\u00e9tablissement humanitaire (permis B humanitaire), et on peut l&rsquo;aider en \u00e9crivant une lettre indiquant qu&rsquo;on le conna\u00eet, qu&rsquo;il est int\u00e9gr\u00e9, qu&rsquo;il parle courament le fran\u00e7ais, etc.<\/p>\n\n\n\n<p>Plus d&rsquo;infos suiveront. Les choses bougent !<\/p>\n\n\n\n<p><strong>retour \u00e0 la <a href=\"\/blog\/reverien\">page g\u00e9n\u00e9rale de R\u00e9v\u00e9rien Rurangwa<\/a><\/strong><\/p>\n","protected":false},"excerpt":{"rendered":"<p>retour \u00e0 la page g\u00e9n\u00e9rale de R\u00e9v\u00e9rien Rurangwa Informations pass\u00e9es sur la situation de R\u00e9v\u00e9rien Rurangwa 23.11.07 : La dossier a enfin \u00e9t\u00e9 compl\u00e9t\u00e9, et plus d&rsquo;un millier de signatures p\u00e9titionnaires envoy\u00e9es \u00e0 l&rsquo;Office f\u00e9d\u00e9ral des migrations ! Croisons les doigts, la demande d\u00e9pos\u00e9e a toutes les chances raisonnables d&rsquo;aboutir. D&rsquo;ici \u00e0 deux mois, nous [&hellip;]<\/p>\n","protected":false},"author":1,"featured_media":2050,"parent":240,"menu_order":0,"comment_status":"open","ping_status":"open","template":"","meta":{"ocean_post_layout":"","ocean_both_sidebars_style":"","ocean_both_sidebars_content_width":0,"ocean_both_sidebars_sidebars_width":0,"ocean_sidebar":"","ocean_second_sidebar":"","ocean_disable_margins":"enable","ocean_add_body_class":"","ocean_shortcode_before_top_bar":"","ocean_shortcode_after_top_bar":"","ocean_shortcode_before_header":"","ocean_shortcode_after_header":"","ocean_has_shortcode":"","ocean_shortcode_after_title":"","ocean_shortcode_before_footer_widgets":"","ocean_shortcode_after_footer_widgets":"","ocean_shortcode_before_footer_bottom":"","ocean_shortcode_after_footer_bottom":"","ocean_display_top_bar":"default","ocean_display_header":"default","ocean_header_style":"","ocean_center_header_left_menu":"","ocean_custom_header_template":"","ocean_custom_logo":0,"ocean_custom_retina_logo":0,"ocean_custom_logo_max_width":0,"ocean_custom_logo_tablet_max_width":0,"ocean_custom_logo_mobile_max_width":0,"ocean_custom_logo_max_height":0,"ocean_custom_logo_tablet_max_height":0,"ocean_custom_logo_mobile_max_height":0,"ocean_header_custom_menu":"","ocean_menu_typo_font_family":"","ocean_menu_typo_font_subset":"","ocean_menu_typo_font_size":0,"ocean_menu_typo_font_size_tablet":0,"ocean_menu_typo_font_size_mobile":0,"ocean_menu_typo_font_size_unit":"px","ocean_menu_typo_font_weight":"","ocean_menu_typo_font_weight_tablet":"","ocean_menu_typo_font_weight_mobile":"","ocean_menu_typo_transform":"","ocean_menu_typo_transform_tablet":"","ocean_menu_typo_transform_mobile":"","ocean_menu_typo_line_height":0,"ocean_menu_typo_line_height_tablet":0,"ocean_menu_typo_line_height_mobile":0,"ocean_menu_typo_line_height_unit":"","ocean_menu_typo_spacing":0,"ocean_menu_typo_spacing_tablet":0,"ocean_menu_typo_spacing_mobile":0,"ocean_menu_typo_spacing_unit":"","ocean_menu_link_color":"","ocean_menu_link_color_hover":"","ocean_menu_link_color_active":"","ocean_menu_link_background":"","ocean_menu_link_hover_background":"","ocean_menu_link_active_background":"","ocean_menu_social_links_bg":"","ocean_menu_social_hover_links_bg":"","ocean_menu_social_links_color":"","ocean_menu_social_hover_links_color":"","ocean_disable_title":"default","ocean_disable_heading":"default","ocean_post_title":"","ocean_post_subheading":"","ocean_post_title_style":"","ocean_post_title_background_color":"","ocean_post_title_background":0,"ocean_post_title_bg_image_position":"","ocean_post_title_bg_image_attachment":"","ocean_post_title_bg_image_repeat":"","ocean_post_title_bg_image_size":"","ocean_post_title_height":0,"ocean_post_title_bg_overlay":0.5,"ocean_post_title_bg_overlay_color":"","ocean_disable_breadcrumbs":"default","ocean_breadcrumbs_color":"","ocean_breadcrumbs_separator_color":"","ocean_breadcrumbs_links_color":"","ocean_breadcrumbs_links_hover_color":"","ocean_display_footer_widgets":"default","ocean_display_footer_bottom":"default","ocean_custom_footer_template":"","footnotes":""},"class_list":["post-290","page","type-page","status-publish","has-post-thumbnail","hentry","entry","has-media"],"aioseo_notices":[],"language":"fr","_links":{"self":[{"href":"https:\/\/www.jcvignoli.com\/blog\/wp-json\/wp\/v2\/pages\/290","targetHints":{"allow":["GET"]}}],"collection":[{"href":"https:\/\/www.jcvignoli.com\/blog\/wp-json\/wp\/v2\/pages"}],"about":[{"href":"https:\/\/www.jcvignoli.com\/blog\/wp-json\/wp\/v2\/types\/page"}],"author":[{"embeddable":true,"href":"https:\/\/www.jcvignoli.com\/blog\/wp-json\/wp\/v2\/users\/1"}],"replies":[{"embeddable":true,"href":"https:\/\/www.jcvignoli.com\/blog\/wp-json\/wp\/v2\/comments?post=290"}],"version-history":[{"count":1,"href":"https:\/\/www.jcvignoli.com\/blog\/wp-json\/wp\/v2\/pages\/290\/revisions"}],"predecessor-version":[{"id":6789,"href":"https:\/\/www.jcvignoli.com\/blog\/wp-json\/wp\/v2\/pages\/290\/revisions\/6789"}],"up":[{"embeddable":true,"href":"https:\/\/www.jcvignoli.com\/blog\/wp-json\/wp\/v2\/pages\/240"}],"wp:featuredmedia":[{"embeddable":true,"href":"https:\/\/www.jcvignoli.com\/blog\/wp-json\/wp\/v2\/media\/2050"}],"wp:attachment":[{"href":"https:\/\/www.jcvignoli.com\/blog\/wp-json\/wp\/v2\/media?parent=290"}],"curies":[{"name":"wp","href":"https:\/\/api.w.org\/{rel}","templated":true}]}}