{"id":255,"date":"2007-05-29T15:51:28","date_gmt":"2007-05-29T13:51:28","guid":{"rendered":"http:\/\/www.ikiru.ch\/blog\/dossiers-qui-se-veulent-interessants"},"modified":"2025-02-18T10:41:27","modified_gmt":"2025-02-18T15:41:27","slug":"dossiers","status":"publish","type":"page","link":"https:\/\/www.jcvignoli.com\/blog\/dossiers","title":{"rendered":"Dossiers"},"content":{"rendered":"<div class=\"wp-block-image\">\n<figure class=\"alignleft\"><a href=\"https:\/\/www.jcvignoli.com\/blog\/wp-content\/uploads\/guaviare-el-raudal-peintures-rupestres-cerro-azul-grotte.jpg\"><img loading=\"lazy\" decoding=\"async\" width=\"150\" height=\"150\" src=\"https:\/\/www.jcvignoli.com\/blog\/wp-content\/uploads\/guaviare-el-raudal-peintures-rupestres-cerro-azul-grotte-150x150.jpg\" alt=\"Grotte de Cerro Azul d'El Raudal du Guaviare\" class=\"wp-image-2750\"\/><\/a><\/figure>\n<\/div>\n\n\n<p>Avec plus de 300 messages, il est difficile de s\u00e9parer le bon grain de l&rsquo;ivraie, l&rsquo;anecdote du profond.<\/p>\n\n\n\n<p>Ci-apr\u00e8s figurent les messages consid\u00e9r\u00e9s comme poss\u00e9dant une valeur informative plus \u00e9lev\u00e9e, \u00e9loign\u00e9e de la simple opinion. La liste est r\u00e9guli\u00e8rement mise \u00e0 jour.<\/p>\n\n\n\n<p>Bien s\u00fbr, c&rsquo;est une mani\u00e8re tr\u00e8s subjective de visiter les sujets. Une autre, plus courante et permettant de d\u00e9couvrir des choses plus anodines, consiste \u00e0 naviguer sur le site en utilisant les mots-cl\u00e9s ou la page d&rsquo;<a href=\"https:\/\/www.jcvignoli.com\/blog\/archives\">archives<\/a>.<\/p>\n\n\n\n<p><strong>Anthropologie<\/strong><\/p>\n\n\n\n<ol class=\"wp-block-list\">\n<li>L&rsquo;impossible <a href=\"\/blog\/2021\/les-guaranis-ou-limpossible-survie-dans-la-foret-paraguayenne\">survie des Guaranis du Paraguay<\/a> dans la for\u00eat<\/li>\n\n\n\n<li>Les <a href=\"https:\/\/www.jcvignoli.com\/blog\/2020\/les-qeros-un-peuple-descendant-des-incas-mais-plus-pour-longtemps\">Qeros, un peuple des descendant des Incas<\/a> mais plus pour tr\u00e8s longtemps<\/li>\n\n\n\n<li>La <a href=\"\/blog\/2019\/la-cosmovision-des-bribris-du-costa-rica\">cosomovision des Bribris du Costa Rica<\/a><\/li>\n\n\n\n<li>Les <a href=\"\/blog\/2019\/les-kogis-ou-comment-survive-face-a-la-modernite-lorsquon-valorise-la-tradition\">Kogis, ou comment survivre face \u00e0 la modernit\u00e9 lorsqu&rsquo;on valorise la tradition<\/a><\/li>\n<\/ol>\n\n\n\n<p><strong>Arch\u00e9ologie<\/strong><\/p>\n\n\n\n<ol class=\"wp-block-list\">\n<li><a href=\"\/blog\/2020\/lhistoire-aux-ameriques-commence-a-caral-et-elle-sy-poursuit\">L\u2019histoire aux Am\u00e9riques commence \u00e0 Caral\u2026 et elle s\u2019y poursuit<\/a>, \u00e0 la d\u00e9couverte de la plus ancienne civilisation des Am\u00e9riques, Caral<\/li>\n\n\n\n<li><a href=\"https:\/\/www.jcvignoli.com\/blog\/2020\/maria-reiche-la-folle-du-desert-qui-amena-labondance-a-nazca\">Maria Reiche, la folle du d\u00e9sert qui amena l\u2019abondance \u00e0 Nazca<\/a>, ou comment la folie d&rsquo;une femme a pr\u00e9serv\u00e9 un patrimoine mondiale de l&rsquo;humanit\u00e9<\/li>\n\n\n\n<li><a href=\"https:\/\/www.jcvignoli.com\/blog\/2020\/cerro-mongon-ou-comment-jai-decouvert-des-ruines-au-perou\">Cerro Mong\u00f3n, ou comment j&rsquo;ai d\u00e9couvert des ruines au P\u00e9rou<\/a> (ou comment effacer l&rsquo;\u00e9chec de Huanacaure)<\/li>\n\n\n\n<li><a href=\"https:\/\/www.jcvignoli.com\/blog\/2020\/le-site-de-kotosh-et-le-temple-des-mains-croisees\">Le site de Kotosh et le temple des mains crois\u00e9es<\/a>, article technique mais le plus d\u00e9taill\u00e9 jamais \u00e9crit en fran\u00e7ais sur ce site<\/li>\n\n\n\n<li><a href=\"https:\/\/www.jcvignoli.com\/blog\/2020\/chavin-de-huantar-lun-des-plus-anciens-temples-oraculaires-du-monde\">Chav\u00edn de Hu\u00e1ntar, un des plus vieux temples oraculaires<\/a> au monde<\/li>\n\n\n\n<li><a href=\"https:\/\/www.jcvignoli.com\/blog\/2020\/les-peintures-rupestres-del-raudal-du-guaviare-en-colombie\">Les peintures rupestres d\u2019El Raudal du Guaviare en Colombie<\/a>, qu&rsquo;il faut aller d\u00e9couvrir avant que le lieu devienne touristique<\/li>\n\n\n\n<li><a href=\"https:\/\/www.jcvignoli.com\/blog\/2019\/lhistoire-de-la-destruction-des-geoglyphes-de-santo-domingo-au-perou\">L\u2019histoire de la destruction des g\u00e9oglyphes de Santo Domingo au P\u00e9rou<\/a>, un drame pour l&rsquo;humanit\u00e9<\/li>\n\n\n\n<li><a href=\"https:\/\/www.jcvignoli.com\/blog\/2019\/la-dame-de-cao-et-larcheologie-anonyme-qui-fait-vivre-le-passe-dans-le-present\">La dame de Cao et l\u2019arch\u00e9ologue anonyme qui fait vivre le pass\u00e9 dans le pr\u00e9sent<\/a>, de l&rsquo;importance des femmes et de la s\u00e9miologie<\/li>\n\n\n\n<li><a href=\"https:\/\/www.jcvignoli.com\/blog\/2019\/visiter-les-sites-archeologiques-de-chiclayo-perou\">Visiter les sites arch\u00e9ologiques mochica et lambayeque de Chiclayo, P\u00e9rou<\/a><\/li>\n\n\n\n<li><a href=\"https:\/\/www.jcvignoli.com\/blog\/2019\/visiter-les-beautes-de-chachapoyas-amazonas-perou\">Visiter les beaut\u00e9s de Chachapoyas, Amazonas, P\u00e9rou<\/a><\/li>\n<\/ol>\n\n\n\n<p><strong>Les nouveaux m\u00e9dias<\/strong><\/p>\n\n\n\n<ol class=\"wp-block-list\">\n<li>L&rsquo;<a href=\"https:\/\/www.jcvignoli.com\/blog\/2007\/hyperdemocratiecom-comment-les-nouvelles-technologies-alterent-definitivement-les-structures-politiques\">hyperd\u00e9mocratie<\/a> (essai sur les relations entre forme d&rsquo;expression d\u00e9mocratique et structure politique)<\/li>\n\n\n\n<li>Les <a href=\"\/blog\/2007\/drm-ces-3-lettres-que-tout-le-monde-devrait-connaitre\">Digital Rights Management<\/a> (DRM)<\/li>\n\n\n\n<li><a href=\"\/blog\/2006\/cest-quoi-un-os-windows-vista-sans-virus-et-un-pan-industriel-seffondre\">Conception des syst\u00e8mes d&rsquo;exploitation<\/a> : Windows Vista s&rsquo;am\u00e9liore<\/li>\n\n\n\n<li>Les blogs sont-ils l&rsquo;information de demain ? <a href=\"\/blog\/2005\/les-blogs-sont-ils-linformation-de-demain\">1\u00e8re partie<\/a> <a href=\"\/blog\/2005\/les-blogs-sont-ils-linformation-de-demain-2eme-partie\">2\u00e8me partie<\/a><\/li>\n<\/ol>\n\n\n\n<p><strong>Enjeux de soci\u00e9t\u00e9<\/strong><\/p>\n\n\n\n<ol class=\"wp-block-list\">\n<li><a href=\"\/blog\/2020\/guide-pratique-de-vulgarisation-scientifique-a-lattention-du-complotiste-et-anti-complotiste\">Guide pratique de vulgarisation scientifique \u00e0 l\u2019attention du complotiste et anti-complotiste<\/a>, apprendre \u00e0 r\u00e9fl\u00e9chir pour \u00e9viter la manipulation<\/li>\n\n\n\n<li><a href=\"\/blog\/2010\/religion-et-modernisme-reflexions-sur-le-dogme-religieux-la-croyance-monotheiste-et-le-pacte-social\" title=\"Religion et modernisme, r\u00e9flexions sur le dogme religieux, la croyance monoth\u00e9iste et le pacte social\">Religion et modernisme, r\u00e9flexions sur le dogme religieux, la croyance monoth\u00e9iste et le pacte social<\/a>, une r\u00e9flexion sur la compr\u00e9hension populaire du monoth\u00e9isme, mais aussi un plaidoyer pour une vision r\u00e9aliste du pacte social<\/li>\n\n\n\n<li><a href=\"\/blog\/2010\/michel-foucault-surveiller-et-punir-ou-la-prison-normalisatrice-une-allegorie-societale\" title=\"Michel Foucault Surveiller et punir, ou la prison normalisatrice : une all\u00e9gorie soci\u00e9tale\">Michel Foucault \u00ab Surveiller et punir \u00bb, ou la prison normalisatrice : une all\u00e9gorie soci\u00e9tale<\/a>, une r\u00e9flexion sur la prison normalisatrice \u00e0 l&rsquo;\u00e8re d&rsquo;internet<\/li>\n\n\n\n<li>La <a href=\"\/blog\/2006\/tete-de-turque-ankara-genocide-et-liberte-dexpression\">libert\u00e9 d&rsquo;expression vue et pratiqu\u00e9e par un ministre suisse<\/a>. Questionnement autour de la libert\u00e9 de parler d&rsquo;un g\u00e9nocide.<\/li>\n\n\n\n<li>La <a href=\"\/blog\/2006\/de-la-superiorite-occidentale-la-liberte-dexpression-a-lepreuve-de-la-mondialisation\">libert\u00e9 d&rsquo;expression<\/a> et les caricaturistes danois<\/li>\n\n\n\n<li>La <a href=\"\/blog\/2006\/la-peur-de-loccident-se-cristallise-murs-de-separations\">construction de murs<\/a> pour isoler l&rsquo;Occident du reste du monde<\/li>\n\n\n\n<li><a href=\"\/blog\/2005\/ouvrons-le-rideau-de-fumee-fumer-dans-les-lieux-publics\" title=\"Est-ce que fumer est vraiment un acte de libert\u00e9 personnelle ?\">Fumer dans les lieux publics<\/a><\/li>\n\n\n\n<li>La <a href=\"\/blog\/2007\/peine-de-mort-et-si-cetait-votre-enfant\" title=\"La peine de mort se justifie-t-elle ?\">peine de mort<\/a>, la peine capitale, l&rsquo;euthanasie judiciaire &#8211; <a href=\"\/blog\/2007\/joaquin-jose-martinez-un-temoignage-essentiel-sur-la-realite-des-couloirs-de-la-mort-aux-usa\">Conf\u00e9rence Joaqu\u00ed\u00adn Jos\u00e9 Mart\u00ed\u00adnez<\/a>, \u00e0 l&rsquo;occasion de la <a href=\"\/blog\/2007\/30-novembre-a-geneve-villes-unies-contre-la-peine-de-mort-une-action-commune-mondiale\">journ\u00e9e des villes pour la vie et contre la peine de mort<\/a><\/li>\n<\/ol>\n\n\n\n<p><strong>L&rsquo;Europe<\/strong><\/p>\n\n\n\n<ol class=\"wp-block-list\">\n<li><a href=\"\/blog\/2007\/de-6-a-27-quelle-europe-leurope-avance-t-elle-ou-recule-t-elle\">De 6 \u00e0 27; quelle Europe ?<\/a><\/li>\n\n\n\n<li><a href=\"\/blog\/2006\/il-y-a-un-an-le-tece-mourrait-deja\">Bilan 1 an apr\u00e8s<\/a> la mort du Trait\u00e9 Etablissement une Constitution pour l&rsquo;Europe<\/li>\n<\/ol>\n\n\n\n<p><strong>La Suisse<\/strong><\/p>\n\n\n\n<ol class=\"wp-block-list\">\n<li><a href=\"\/blog\/2020\/linitiative-des-multinationales-responsables-quand-lhypocrisie-et-lignorance-sont-des-arguments\">L\u2019initiative des multinationales responsables<\/a>, quand l\u2019hypocrisie et l\u2019ignorance sont des arguments<\/li>\n\n\n\n<li><a href=\"\/blog\/2007\/la-chevre-de-m-blocher\">Les remous de la politiques extr\u00e9miste suisse en 2007<\/a><\/li>\n\n\n\n<li><a href=\"\/blog\/2007\/la-politique-demonstrative\" title=\"Du besoin de manifester\">Pourquoi manifester ?<\/a>, ou du bien-fond\u00e9 de l&rsquo;action lorsqu&rsquo;aucun autre moyen d&rsquo;expression n&rsquo;est offert<\/li>\n\n\n\n<li><a href=\"\/blog\/2007\/udc-et-xenophobie-suisse-et-si-la-meilleure-arme-etait-lhumour-compte-rendu-manif-a-geneve\">Manifestation anti-extr\u00e9miste<\/a> bas\u00e9e sur l&rsquo;humour des \u00ab\u00a0fausses manifs de droite\u00a0\u00bb<\/li>\n\n\n\n<li><a href=\"\/blog\/2007\/pourquoi-cest-lextreme-droite-qui-a-gagne-en-suisse\">Pourquoi c&rsquo;est bien l&rsquo;extr\u00eame droite qui s&rsquo;est install\u00e9e en Suisse ce 21 octobre 2007<\/a><\/li>\n\n\n\n<li><a href=\"\/blog\/2007\/changement-dans-le-temple-du-conservatisme\">Elections mouvement\u00e9s au Conseil f\u00e9d\u00e9ral 2007<\/a> et <a href=\"\/blog\/2007\/rappels-elementaires-sur-les-institutions-democratiques-la-democratie-en-suisse-cest-aussi-le-parlement\">Ce qu&rsquo;est la d\u00e9mocratie en Suisse<\/a><\/li>\n<\/ol>\n\n\n\n<p><strong>Ecologie<\/strong><\/p>\n\n\n\n<ol class=\"wp-block-list\">\n<li><a href=\"https:\/\/www.jcvignoli.com\/blog\/2025\/demander-une-permission-a-la-nature-un-contrat-social-autochtone\" title=\"\">Demander la permission \u00e0 la nature<\/a> (r\u00e9flexion comparative sur le contrat social autochtone et moderne)<\/li>\n\n\n\n<li><a href=\"https:\/\/www.jcvignoli.com\/blog\/2019\/the-environment-does-not-need-to-be-made\">The environment does not need to be made<\/a><\/li>\n\n\n\n<li><a href=\"\/blog\/2015\/des-geants-decimes-pour-une-poignee-divoire-les-dessous-du-braconnage-delephants-au-kenya\" title=\"Des g\u00e9ants d\u00e9cim\u00e9s pour une poign\u00e9e d\u2019ivoire, les dessous du braconnage d\u2019\u00e9l\u00e9phants au Kenya\">Des g\u00e9ants d\u00e9cim\u00e9s pour une poign\u00e9e d\u2019ivoire, les dessous du braconnage d\u2019\u00e9l\u00e9phants au Kenya<\/a><\/li>\n\n\n\n<li><a href=\"\/blog\/2010\/etre-climatosceptique-est-dangereux-et-irresponsable\" title=\"Etre climatosceptique est dangereux et irresponsable\">Etre climatosceptique est dangereux et irresponsable <\/a><\/li>\n\n\n\n<li><a href=\"\/blog\/2007\/il-y-a-10-ans-le-sommet-de-la-terre-souvrait-a-new-york-quen-reste-t-il\">10 ans apr\u00e8s le Sommet de la Terre \u00e0 New York<\/a><\/li>\n\n\n\n<li>Les <a href=\"\/blog\/2007\/une-face-meconnue-du-nucleaire\">dangers du nucl\u00e9aire<\/a><\/li>\n\n\n\n<li><a href=\"\/blog\/2006\/ni-de-droite-ni-de-gauche-les-verts-pas-si-simple\">Les Verts sont-ils de droite ou de gauche<\/a> ?<\/li>\n\n\n\n<li>La <a href=\"\/blog\/2005\/la-grippe-aviaire-deplume-lhomme\">grippe aviaire<\/a> et ses r\u00e9actions excessives<\/li>\n<\/ol>\n\n\n\n<p><strong>Voyages et tranches de vie<\/strong><\/p>\n\n\n\n<ol class=\"wp-block-list\">\n<li><a href=\"\/blog\/2021\/canyon-tutayoj-la-grande-aventure-pour-voir-des-petits-hommes\">Canyon Tutayoj : la grande aventure pour voir des petits hommes<\/a>, une aventure rocambolesque en Bolivie<\/li>\n\n\n\n<li><a href=\"\/blog\/2020\/sa-majeste-sabancaya-rencontre-du-troisieme-type-avec-un-volcan-actif\">Sa majest\u00e9 Sabancaya<\/a>, rencontre avec un volcan actif<\/li>\n\n\n\n<li><a href=\"\/blog\/2020\/histoires-de-lezards-a-deux-queues-au-perou\">Histoires de l\u00e9zards \u00e0 deux queues au P\u00e9rou<\/a>, les contes d&rsquo;Andagua<\/li>\n\n\n\n<li><a href=\"https:\/\/www.jcvignoli.com\/blog\/2020\/vices-et-ruee-vers-lor-dans-la-plus-haute-ville-de-monde-la-rinconada\">Vices et ru\u00e9e vers l\u2019or dans la plus haute ville de monde<\/a>, La Rinconada<\/li>\n\n\n\n<li><a href=\"https:\/\/www.jcvignoli.com\/blog\/2020\/cerro-mongon-ou-comment-jai-decouvert-des-ruines-au-perou\">Cerro Mong\u00f3n, ou comment j&rsquo;ai d\u00e9couvert des ruines au P\u00e9rou<\/a> (ou comment effacer l&rsquo;\u00e9chec de Huanacaure)<\/li>\n\n\n\n<li><a href=\"https:\/\/www.jcvignoli.com\/blog\/2020\/huanacaure-histoire-dune-decouverte-manquee\">Huanacaure, histoire d&rsquo;une d\u00e9couverte manqu\u00e9e<\/a><\/li>\n\n\n\n<li><a href=\"https:\/\/www.jcvignoli.com\/blog\/2019\/sur-les-hasards-de-la-route-de-la-cocaine-et-de-la-revolution\">Sur les hasards de la route de la coca\u00efne et de la r\u00e9volution<\/a><\/li>\n\n\n\n<li><a href=\"\/blog\/2006\/surprise-a-togoville\">Surprise \u00e0 Togoville<\/a><\/li>\n\n\n\n<li><a href=\"\/blog\/2006\/pharaons-et-egypte-moderne\">D\u00e9couverte de l&rsquo;Egypte pharaonique<\/a><\/li>\n\n\n\n<li><a href=\"\/blog\/2007\/prague-capitale-imperiale\">Prague, capitale imp\u00e9riale<\/a><\/li>\n<\/ol>\n\n\n\n<p><strong>Cin\u00e9ma<\/strong><\/p>\n\n\n\n<ol class=\"wp-block-list\">\n<li>Toutes les critiques de cin\u00e9ma sont r\u00e9pertori\u00e9es dans une <a href=\"https:\/\/www.jcvignoli.com\/blog\/critiques-de-cinema\">liste<\/a><\/li>\n<\/ol>\n\n\n\n<p class=\"has-text-align-left\"><strong>Droits humains &#8211; humanitaire<\/strong><\/p>\n\n\n\n<ol class=\"wp-block-list\">\n<li><a href=\"https:\/\/www.jcvignoli.com\/blog\/2024\/un-watch-l-effroyable-imposture\">UN Watch, l&rsquo;effroyable imposture<\/a> (une ONG dont le travail est nocif au syst\u00e8me international)<\/li>\n\n\n\n<li><a href=\"https:\/\/www.jcvignoli.com\/blog\/2014\/how-cuba-undermines-human-rights-a-true-human-rights-defender-cant-support-cuba\">How Cuba undermines human rights: A true human rights defender can\u2019t support Cuba<\/a>, Cuba and the Universal Periodic Review<\/li>\n\n\n\n<li><a href=\"https:\/\/www.jcvignoli.com\/blog\/2009\/libye-les-coulisses-du-regime-khadafi\">Libye : Les coulisses du r\u00e9gime Khadafi<\/a><\/li>\n\n\n\n<li>Les <a href=\"https:\/\/www.jcvignoli.com\/blog\/2006\/medecins-sans-frontieres-l%e2%80%99humanitaire-face-a-ses-contradictions\">contradictions de M\u00e9decin Sans Fronti\u00e8res<\/a><\/li>\n\n\n\n<li>Le <a href=\"\/blog\/2006\/les-espoirs-officiels-du-conseil-des-droits-de-lhomme\">Conseil des droits de l&rsquo;homme<\/a>, les commentaires officiels \u00e0 sa cr\u00e9ation<\/li>\n\n\n\n<li>Le 6\u00e8me Festival du film des droits de l&rsquo;homme; un tr\u00e8s grand succ\u00e8s en 2008, bien que son ouverture f\u00fbt <a href=\"\/blog\/2008\/la-montee-du-populisme-en-europe-la-gauche-sautocongratule\" title=\"La mont\u00e9e du populisme en Europe : la gauche s'autocongratule\">moyennement r\u00e9ussie<\/a>, sa <a href=\"\/blog\/2008\/le-chasseur-de-dictateur-the-dictator-hunter\" title=\" Le chasseur de dictateur - the dictator hunter\">troisi\u00e8me journ\u00e9e<\/a>, <a href=\"\/blog\/2008\/si-les-russes-veulent-lautocratie-quils-laient-entre-stereotypes-et-realites\" title=\"Si les Russes veulent l'autocratie, qu'ils l'aient - entre st\u00e9r\u00e9otypes et r\u00e9alit\u00e9s\">sa septi\u00e8me<\/a> et <a href=\"\/blog\/2008\/mauritanie-le-coup-detat-democratique\" title=\"Mauritanie: Le coup d'Etat d\u00e9mocratique\">sa neuvi\u00e8me<\/a> journ\u00e9es \u00e9taient nettement plus r\u00e9ussies.<\/li>\n<\/ol>\n","protected":false},"excerpt":{"rendered":"<p>Avec plus de 300 messages, il est difficile de s\u00e9parer le bon grain de l&rsquo;ivraie, l&rsquo;anecdote du profond. Ci-apr\u00e8s figurent les messages consid\u00e9r\u00e9s comme poss\u00e9dant une valeur informative plus \u00e9lev\u00e9e, \u00e9loign\u00e9e de la simple opinion. La liste est r\u00e9guli\u00e8rement mise \u00e0 jour. Bien s\u00fbr, c&rsquo;est une mani\u00e8re tr\u00e8s subjective de visiter les sujets. Une autre, [&hellip;]<\/p>\n","protected":false},"author":1,"featured_media":2787,"parent":0,"menu_order":0,"comment_status":"open","ping_status":"open","template":"","meta":{"ocean_post_layout":"","ocean_both_sidebars_style":"","ocean_both_sidebars_content_width":0,"ocean_both_sidebars_sidebars_width":0,"ocean_sidebar":"0","ocean_second_sidebar":"0","ocean_disable_margins":"enable","ocean_add_body_class":"","ocean_shortcode_before_top_bar":"","ocean_shortcode_after_top_bar":"","ocean_shortcode_before_header":"","ocean_shortcode_after_header":"","ocean_has_shortcode":"","ocean_shortcode_after_title":"","ocean_shortcode_before_footer_widgets":"","ocean_shortcode_after_footer_widgets":"","ocean_shortcode_before_footer_bottom":"","ocean_shortcode_after_footer_bottom":"","ocean_display_top_bar":"default","ocean_display_header":"default","ocean_header_style":"","ocean_center_header_left_menu":"0","ocean_custom_header_template":"0","ocean_custom_logo":0,"ocean_custom_retina_logo":0,"ocean_custom_logo_max_width":0,"ocean_custom_logo_tablet_max_width":0,"ocean_custom_logo_mobile_max_width":0,"ocean_custom_logo_max_height":0,"ocean_custom_logo_tablet_max_height":0,"ocean_custom_logo_mobile_max_height":0,"ocean_header_custom_menu":"0","ocean_menu_typo_font_family":"0","ocean_menu_typo_font_subset":"","ocean_menu_typo_font_size":0,"ocean_menu_typo_font_size_tablet":0,"ocean_menu_typo_font_size_mobile":0,"ocean_menu_typo_font_size_unit":"px","ocean_menu_typo_font_weight":"","ocean_menu_typo_font_weight_tablet":"","ocean_menu_typo_font_weight_mobile":"","ocean_menu_typo_transform":"","ocean_menu_typo_transform_tablet":"","ocean_menu_typo_transform_mobile":"","ocean_menu_typo_line_height":0,"ocean_menu_typo_line_height_tablet":0,"ocean_menu_typo_line_height_mobile":0,"ocean_menu_typo_line_height_unit":"","ocean_menu_typo_spacing":0,"ocean_menu_typo_spacing_tablet":0,"ocean_menu_typo_spacing_mobile":0,"ocean_menu_typo_spacing_unit":"","ocean_menu_link_color":"","ocean_menu_link_color_hover":"","ocean_menu_link_color_active":"","ocean_menu_link_background":"","ocean_menu_link_hover_background":"","ocean_menu_link_active_background":"","ocean_menu_social_links_bg":"","ocean_menu_social_hover_links_bg":"","ocean_menu_social_links_color":"","ocean_menu_social_hover_links_color":"","ocean_disable_title":"default","ocean_disable_heading":"default","ocean_post_title":"","ocean_post_subheading":"","ocean_post_title_style":"","ocean_post_title_background_color":"","ocean_post_title_background":0,"ocean_post_title_bg_image_position":"","ocean_post_title_bg_image_attachment":"","ocean_post_title_bg_image_repeat":"","ocean_post_title_bg_image_size":"","ocean_post_title_height":0,"ocean_post_title_bg_overlay":0.5,"ocean_post_title_bg_overlay_color":"","ocean_disable_breadcrumbs":"default","ocean_breadcrumbs_color":"","ocean_breadcrumbs_separator_color":"","ocean_breadcrumbs_links_color":"","ocean_breadcrumbs_links_hover_color":"","ocean_display_footer_widgets":"default","ocean_display_footer_bottom":"default","ocean_custom_footer_template":"0","footnotes":""},"class_list":["post-255","page","type-page","status-publish","has-post-thumbnail","hentry","entry","has-media"],"aioseo_notices":[],"language":"fr","_links":{"self":[{"href":"https:\/\/www.jcvignoli.com\/blog\/wp-json\/wp\/v2\/pages\/255","targetHints":{"allow":["GET"]}}],"collection":[{"href":"https:\/\/www.jcvignoli.com\/blog\/wp-json\/wp\/v2\/pages"}],"about":[{"href":"https:\/\/www.jcvignoli.com\/blog\/wp-json\/wp\/v2\/types\/page"}],"author":[{"embeddable":true,"href":"https:\/\/www.jcvignoli.com\/blog\/wp-json\/wp\/v2\/users\/1"}],"replies":[{"embeddable":true,"href":"https:\/\/www.jcvignoli.com\/blog\/wp-json\/wp\/v2\/comments?post=255"}],"version-history":[{"count":2,"href":"https:\/\/www.jcvignoli.com\/blog\/wp-json\/wp\/v2\/pages\/255\/revisions"}],"predecessor-version":[{"id":6818,"href":"https:\/\/www.jcvignoli.com\/blog\/wp-json\/wp\/v2\/pages\/255\/revisions\/6818"}],"wp:featuredmedia":[{"embeddable":true,"href":"https:\/\/www.jcvignoli.com\/blog\/wp-json\/wp\/v2\/media\/2787"}],"wp:attachment":[{"href":"https:\/\/www.jcvignoli.com\/blog\/wp-json\/wp\/v2\/media?parent=255"}],"curies":[{"name":"wp","href":"https:\/\/api.w.org\/{rel}","templated":true}]}}