{"id":240,"date":"2007-04-11T16:48:51","date_gmt":"2007-04-11T14:48:51","guid":{"rendered":"http:\/\/www.ikiru.ch\/blog\/reverien\/"},"modified":"2023-01-21T09:52:47","modified_gmt":"2023-01-21T13:52:47","slug":"reverien","status":"publish","type":"page","link":"https:\/\/www.jcvignoli.com\/blog\/reverien","title":{"rendered":"R\u00e9v\u00e9rien Rurangwa"},"content":{"rendered":"<div id=\"ez-toc-container\" class=\"ez-toc-v2_0_82_2 ez-toc-wrap-center counter-hierarchy ez-toc-counter ez-toc-grey ez-toc-container-direction\">\n<div class=\"ez-toc-title-container\">\n<p class=\"ez-toc-title\" style=\"cursor:inherit\">Contents<\/p>\n<span class=\"ez-toc-title-toggle\"><\/span><\/div>\n<nav><ul class='ez-toc-list ez-toc-list-level-1 ' ><li class='ez-toc-page-1 ez-toc-heading-level-2'><a class=\"ez-toc-link ez-toc-heading-1\" href=\"https:\/\/www.jcvignoli.com\/blog\/reverien\/#Informations_sur_la_situation_actuelle_de_Reverien\" >Informations sur la situation actuelle de R\u00e9v\u00e9rien<\/a><\/li><li class='ez-toc-page-1 ez-toc-heading-level-2'><a class=\"ez-toc-link ez-toc-heading-2\" href=\"https:\/\/www.jcvignoli.com\/blog\/reverien\/#Qui_est_Reverien\" >Qui est R\u00e9v\u00e9rien ?<\/a><\/li><li class='ez-toc-page-1 ez-toc-heading-level-2'><a class=\"ez-toc-link ez-toc-heading-3\" href=\"https:\/\/www.jcvignoli.com\/blog\/reverien\/#Informations_supplementaires\" >Informations suppl\u00e9mentaires<\/a><ul class='ez-toc-list-level-3' ><li class='ez-toc-heading-level-3'><a class=\"ez-toc-link ez-toc-heading-4\" href=\"https:\/\/www.jcvignoli.com\/blog\/reverien\/#Presse_audio-visuelle\" >Presse audio-visuelle<\/a><\/li><li class='ez-toc-page-1 ez-toc-heading-level-3'><a class=\"ez-toc-link ez-toc-heading-5\" href=\"https:\/\/www.jcvignoli.com\/blog\/reverien\/#Presse_ecrite\" >Presse \u00e9crite<\/a><\/li><li class='ez-toc-page-1 ez-toc-heading-level-3'><a class=\"ez-toc-link ez-toc-heading-6\" href=\"https:\/\/www.jcvignoli.com\/blog\/reverien\/#Sites_de_soutien\" >Sites de soutien<\/a><\/li><\/ul><\/li><\/ul><\/nav><\/div>\n<div class=\"edit\">\n<h2><span class=\"ez-toc-section\" id=\"Informations_sur_la_situation_actuelle_de_Reverien\"><\/span>Informations sur la situation actuelle de R\u00e9v\u00e9rien<span class=\"ez-toc-section-end\"><\/span><\/h2>\n<p><strong>15.02.08 :<\/strong> Si la d\u00e9cision de l&rsquo;Office des migrations \u00e9tait \u00e9tonnante, le nombre de participants qui se sont rendus \u00e0 la Vue des Alpes l&rsquo;\u00e9tait tout autant ! Alors qu&rsquo;\u00e9taient attendue une vingtaine de personnes, plus du double a fait le d\u00e9placement dans ce petit hameau, pour rappeler combien la situation de R\u00e9v\u00e9rien lui tenait \u00e0 coeur. Ils \u00e9taient trop nombreux pour tous les retenir, mais on citer les pr\u00e9sences de Mme John-Calame, MM. Berberat, Cuche, Favre, qui ont tous fait le d\u00e9placement pour rappeler que les hommes et femmes politiques sont derri\u00e8re lui. Plus \u00e9tonnant, M. Yvan Perrin avait lui aussi fait le d\u00e9placement; l&rsquo;un des principaux d\u00e9fenseurs de la r\u00e9cente loi sur l&rsquo;asile, avec de nouvelles dispositions qui devaient permettre (selon les champions de ladite loi) \u00e0 des cas comme celui de R\u00e9v\u00e9rien d&rsquo;\u00eatre accept\u00e9s plus facilement, a tenu ainsi les diff\u00e9rents engagements renouvel\u00e9s \u00e0 plusieurs reprises. Un signal fort, \u00e0 n&rsquo;en pas douter.<\/p>\n<hr \/>\n<p><strong>13.02.08 :<\/strong> La r\u00e9ponse de l&rsquo;Office des migrations suisse est connue depuis hier : c&rsquo;est un pr\u00e9avis n\u00e9gatif, au grand \u00e9tonnement de tous. Malgr\u00e9 les assurances politiques et administratives que R\u00e9v\u00e9rien pourrait obtenir un permis B humanitaire, l&rsquo;instance f\u00e9d\u00e9rale d\u00e9cisionnaire en mati\u00e8re d&rsquo;asile a refus\u00e9 ce qui semblait, au vu du parcours de R\u00e9v\u00e9rien et des nouvelles dispositions l\u00e9gales, largement acquis.<\/p>\n<p>Au-del\u00e0 de la l\u00e9galit\u00e9 d&rsquo;une telle d\u00e9cision (il est encore trop t\u00f4t pour aborder cette question, car la position n&rsquo;est pas d\u00e9finitive), l&rsquo;inhumanit\u00e9 d&rsquo;un tel jugement frappe tous les appuis de R\u00e9v\u00e9rien : si une personne, qui a \u00e9t\u00e9 d\u00e9poss\u00e9d\u00e9e de toute sa famille, a \u00e9t\u00e9 gravement bless\u00e9e et ne peut raisonnablement pas retourner dans son pays, n&rsquo;a pas le droit \u00e0 l&rsquo;asile en Suisse, on se demande qui y a le droit. Le comit\u00e9, le canton de Neuch\u00e2tel, R\u00e9v\u00e9rien et son avocate vont se pencher sur les suites l\u00e9gales (ou autres) \u00e0 apporter la sentence de l&rsquo;Office.<\/p>\n<p>Demain 14 f\u00e9vrier, \u00e0 l&rsquo;initiative d&rsquo;un grand magazine romand, une photo d&rsquo;un certain nombre de supporter de R\u00e9v\u00e9rien sera prise sur le parking de la Vue des Alpes, \u00e0 13h. Si vos disponibilit\u00e9s vous le permettent, vous \u00eates le bienvenu !<\/p>\n<p>Nous vous tiendrons inform\u00e9s ici-m\u00eame de la suite de l&rsquo;affaire.<\/p>\n<div align=\"center\"><strong>Vous pouvez consulter les pr\u00e9c\u00e9dentes nouvelles sur <a href=\"\/blog\/reverien\/archives-nouvelles\">la pages des archives<\/a>.<br \/>\n<\/strong><\/div>\n<\/div>\n<h2><span class=\"ez-toc-section\" id=\"Qui_est_Reverien\"><\/span>Qui est R\u00e9v\u00e9rien ?<span class=\"ez-toc-section-end\"><\/span><\/h2>\n<p><strong>R\u00e9v\u00e9rien Rurangwa<\/strong> est un Rwandais qui n&rsquo;est th\u00e9oriquement plus menac\u00e9 d&rsquo;expulsion du territoire suisse. Mais dans une hypocrisie extraordinaire, la Suisse refuse de lui accorder des papiers d&rsquo;\u00e9tablissement d\u00e9finitif, ce qui l&rsquo;oblige \u00e0 renouveler son permis temporaire tous les six mois, l&#8217;emp\u00eache de travailler, d&rsquo;obtenir un dipl\u00f4me (dont il a d\u00e9j\u00e0 suivi les cours), bref, l&#8217;emp\u00eache de vivre.<\/p>\n<p style=\"text-align: center;\"><a href=\"https:\/\/www.jcvignoli.com\/blog\/wp-content\/uploads\/rev-book-piti.jpg\"><img loading=\"lazy\" decoding=\"async\" class=\"aligncenter wp-image-2049 size-full\" src=\"https:\/\/www.jcvignoli.com\/blog\/wp-content\/uploads\/rev-book-piti.jpg\" alt=\"Livre g\u00e9nocid\u00e9\" width=\"607\" height=\"481\" srcset=\"https:\/\/www.jcvignoli.com\/blog\/wp-content\/uploads\/rev-book-piti.jpg 607w, https:\/\/www.jcvignoli.com\/blog\/wp-content\/uploads\/rev-book-piti-300x238.jpg 300w, https:\/\/www.jcvignoli.com\/blog\/wp-content\/uploads\/rev-book-piti-150x119.jpg 150w, https:\/\/www.jcvignoli.com\/blog\/wp-content\/uploads\/rev-book-piti-158x125.jpg 158w\" sizes=\"auto, (max-width: 607px) 100vw, 607px\" \/><\/a><\/p>\n<p>Vous pouvez consulter une <a title=\"article: R\u00e9v\u00e9rien Rurangwa reste en attente d'une d\u00e9cision\" href=\"\/blog\/2007\/reverien-rurangwa-reste-en-attente-dune-decision\">interview de R\u00e9v\u00e9rien<\/a>.<\/p>\n<p>L&rsquo;objectif du comit\u00e9 est de stabiliser la situation de R\u00e9v\u00e9rien qui, bien qu&rsquo;ayant surv\u00e9cu \u00e0 la mort des 43 membres de sa famille, a le moral particuli\u00e8rement \u00e9prouv\u00e9 apr\u00e8s 8 longues ann\u00e9es sans savoir quelle direction peut prendre sa vie.<\/p>\n<h2><span class=\"ez-toc-section\" id=\"Informations_supplementaires\"><\/span>Informations suppl\u00e9mentaires<span class=\"ez-toc-section-end\"><\/span><\/h2>\n<h3><span class=\"ez-toc-section\" id=\"Presse_audio-visuelle\"><\/span>Presse audio-visuelle<span class=\"ez-toc-section-end\"><\/span><\/h3>\n<ul>\n<li>La vid\u00e9o d&rsquo;une interview, faisant suite \u00e0 la pr\u00e9d\u00e9cision de refus pour l&rsquo;asile (TSR, 13.02.2008) <a href=\"\/blog\/wp-content\/files\/rev-tsrRegion-13.02.08.avi\">T\u00e9l\u00e9chargez<\/a>-la.<\/li>\n<li>Participation \u00e0 \u00ab\u00a0Vol de Nuit\u00a0\u00bb, pr\u00e9sent\u00e9 par Patrick Poivre d&rsquo;Arvor sur TF1 (France) (vid\u00e9o indisponible)<\/li>\n<li>Participation \u00e0 \u00ab\u00a0On ne peut pas plaire \u00e0 tout le monde\u00a0\u00bb, pr\u00e9sent\u00e9 par Marc Olivier Fogiel sur M6 (France, avril 2006) (vid\u00e9o indisponible)<\/li>\n<li>La vid\u00e9o de l&rsquo;<a href=\"https:\/\/web.archive.org\/web\/20100822103742\/http:\/\/infrarouge.tsr.ch:80\/forum-165-asile-etrangers-suisse-cadenassee.html\">\u00e9mission Infrarouge<\/a> (TSR, Suisse, avril 2006)<\/li>\n<\/ul>\n<h3><span class=\"ez-toc-section\" id=\"Presse_ecrite\"><\/span>Presse \u00e9crite<span class=\"ez-toc-section-end\"><\/span><\/h3>\n<p>13 octobre 2007, \u00ab\u00a0Le mouton noir, maintenant c&rsquo;est moi\u00a0\u00bb, <em>L&rsquo;Express\/Impartial<\/em> <a href=\"\/blog\/wp-content\/files\/reverien_article_express_13.10.07.jpg\">Download<\/a><br \/>\n4 juillet 2007, \u00ab\u00a0Mon psy, c&rsquo;est l&rsquo;\u00e9criture\u00a0\u00bb, <em>L&rsquo;Express\/Impartial<\/em> <a href=\"\/blog\/wp-content\/files\/reverien_article_express_3.7.07.jpg\">Download<\/a><br \/>\n1er juin 2007, \u00ab\u00a0L&rsquo;errance neuch\u00e2teloise d&rsquo;une m\u00e9moire du g\u00e9nocide Rwandais\u00a0\u00bb, <em>Le Courrier<\/em> <a href=\"https:\/\/www.lecourrier.ch\/index.php?name=NewsPaper&amp;file=article&amp;sid=436638\">consulter<\/a><br \/>\n8 mai 2007, \u00ab\u00a0P\u00e9tition pour R\u00e9v\u00e9rien\u00a0\u00bb, <em>L&rsquo;impartial<\/em> <a href=\"https:\/\/web.archive.org\/web\/20131114131051\/https:\/\/www.ikiru.ch\/blog\/forum\/viewtopic.php?pid=147\">Consulter<\/a><br \/>\n17 avril 2007, \u00ab\u00a0toujours pas d&rsquo;asile pour R\u00e9v\u00e9rien Rurangwa, le \u00ab\u00a0g\u00e9nocid\u00e9\u00a0\u00bb rwandais\u00a0\u00bb, <em>24 heures<\/em> <a href=\"\/blog\/wp-content\/files\/reverien_article_24h.jpg\">Download<\/a><\/p>\n<h3><span class=\"ez-toc-section\" id=\"Sites_de_soutien\"><\/span>Sites de soutien<span class=\"ez-toc-section-end\"><\/span><\/h3>\n<ol>\n<li><a href=\"http:\/\/www.ibuka.ch\/\">Ibuka<\/a>, association regroupant les survivants de ce g\u00e9nocide<\/li>\n<li><a href=\"http:\/\/savourelerouge.bloxode.com\/r60493,0,le-coin-de-reverien.html\">Savoure le rouge, mon amour<\/a><\/li>\n<li><a href=\"http:\/\/story-of-rwanda.skyblog.com\/1.html\">Blog perso sur l&rsquo;histoire du Rwanda<\/a><\/li>\n<li><a href=\"http:\/\/www.stoprenvoi.ch\/aider.php\">Stop aux renvois<\/a><\/li>\n<\/ol>\n","protected":false},"excerpt":{"rendered":"<p>Informations sur la situation actuelle de R\u00e9v\u00e9rien 15.02.08 : Si la d\u00e9cision de l&rsquo;Office des migrations \u00e9tait \u00e9tonnante, le nombre de participants qui se sont rendus \u00e0 la Vue des Alpes l&rsquo;\u00e9tait tout autant ! Alors qu&rsquo;\u00e9taient attendue une vingtaine de personnes, plus du double a fait le d\u00e9placement dans ce petit hameau, pour rappeler [&hellip;]<\/p>\n","protected":false},"author":1,"featured_media":2050,"parent":0,"menu_order":0,"comment_status":"open","ping_status":"open","template":"","meta":{"ocean_post_layout":"","ocean_both_sidebars_style":"","ocean_both_sidebars_content_width":0,"ocean_both_sidebars_sidebars_width":0,"ocean_sidebar":"0","ocean_second_sidebar":"0","ocean_disable_margins":"enable","ocean_add_body_class":"","ocean_shortcode_before_top_bar":"","ocean_shortcode_after_top_bar":"","ocean_shortcode_before_header":"","ocean_shortcode_after_header":"","ocean_has_shortcode":"","ocean_shortcode_after_title":"","ocean_shortcode_before_footer_widgets":"","ocean_shortcode_after_footer_widgets":"","ocean_shortcode_before_footer_bottom":"","ocean_shortcode_after_footer_bottom":"","ocean_display_top_bar":"default","ocean_display_header":"default","ocean_header_style":"","ocean_center_header_left_menu":"0","ocean_custom_header_template":"0","ocean_custom_logo":2050,"ocean_custom_retina_logo":0,"ocean_custom_logo_max_width":0,"ocean_custom_logo_tablet_max_width":0,"ocean_custom_logo_mobile_max_width":0,"ocean_custom_logo_max_height":0,"ocean_custom_logo_tablet_max_height":0,"ocean_custom_logo_mobile_max_height":0,"ocean_header_custom_menu":"0","ocean_menu_typo_font_family":"0","ocean_menu_typo_font_subset":"","ocean_menu_typo_font_size":0,"ocean_menu_typo_font_size_tablet":0,"ocean_menu_typo_font_size_mobile":0,"ocean_menu_typo_font_size_unit":"px","ocean_menu_typo_font_weight":"","ocean_menu_typo_font_weight_tablet":"","ocean_menu_typo_font_weight_mobile":"","ocean_menu_typo_transform":"","ocean_menu_typo_transform_tablet":"","ocean_menu_typo_transform_mobile":"","ocean_menu_typo_line_height":0,"ocean_menu_typo_line_height_tablet":0,"ocean_menu_typo_line_height_mobile":0,"ocean_menu_typo_line_height_unit":"","ocean_menu_typo_spacing":0,"ocean_menu_typo_spacing_tablet":0,"ocean_menu_typo_spacing_mobile":0,"ocean_menu_typo_spacing_unit":"","ocean_menu_link_color":"","ocean_menu_link_color_hover":"","ocean_menu_link_color_active":"","ocean_menu_link_background":"","ocean_menu_link_hover_background":"","ocean_menu_link_active_background":"","ocean_menu_social_links_bg":"","ocean_menu_social_hover_links_bg":"","ocean_menu_social_links_color":"","ocean_menu_social_hover_links_color":"","ocean_disable_title":"default","ocean_disable_heading":"default","ocean_post_title":"","ocean_post_subheading":"","ocean_post_title_style":"","ocean_post_title_background_color":"","ocean_post_title_background":0,"ocean_post_title_bg_image_position":"","ocean_post_title_bg_image_attachment":"","ocean_post_title_bg_image_repeat":"","ocean_post_title_bg_image_size":"","ocean_post_title_height":0,"ocean_post_title_bg_overlay":0.5,"ocean_post_title_bg_overlay_color":"","ocean_disable_breadcrumbs":"default","ocean_breadcrumbs_color":"","ocean_breadcrumbs_separator_color":"","ocean_breadcrumbs_links_color":"","ocean_breadcrumbs_links_hover_color":"","ocean_display_footer_widgets":"default","ocean_display_footer_bottom":"default","ocean_custom_footer_template":"0","footnotes":""},"class_list":["post-240","page","type-page","status-publish","has-post-thumbnail","hentry","entry","has-media"],"aioseo_notices":[],"language":"fr","_links":{"self":[{"href":"https:\/\/www.jcvignoli.com\/blog\/wp-json\/wp\/v2\/pages\/240","targetHints":{"allow":["GET"]}}],"collection":[{"href":"https:\/\/www.jcvignoli.com\/blog\/wp-json\/wp\/v2\/pages"}],"about":[{"href":"https:\/\/www.jcvignoli.com\/blog\/wp-json\/wp\/v2\/types\/page"}],"author":[{"embeddable":true,"href":"https:\/\/www.jcvignoli.com\/blog\/wp-json\/wp\/v2\/users\/1"}],"replies":[{"embeddable":true,"href":"https:\/\/www.jcvignoli.com\/blog\/wp-json\/wp\/v2\/comments?post=240"}],"version-history":[{"count":3,"href":"https:\/\/www.jcvignoli.com\/blog\/wp-json\/wp\/v2\/pages\/240\/revisions"}],"predecessor-version":[{"id":6037,"href":"https:\/\/www.jcvignoli.com\/blog\/wp-json\/wp\/v2\/pages\/240\/revisions\/6037"}],"wp:featuredmedia":[{"embeddable":true,"href":"https:\/\/www.jcvignoli.com\/blog\/wp-json\/wp\/v2\/media\/2050"}],"wp:attachment":[{"href":"https:\/\/www.jcvignoli.com\/blog\/wp-json\/wp\/v2\/media?parent=240"}],"curies":[{"name":"wp","href":"https:\/\/api.w.org\/{rel}","templated":true}]}}