{"id":172,"date":"2006-03-07T21:30:46","date_gmt":"2006-03-07T20:30:46","guid":{"rendered":"http:\/\/www.ikiru.ch\/blog\/about\/"},"modified":"2025-08-21T18:48:54","modified_gmt":"2025-08-21T16:48:54","slug":"about","status":"publish","type":"page","link":"https:\/\/www.jcvignoli.com\/blog\/about","title":{"rendered":"Pr\u00e9sentation de Jean-Claude Vignoli"},"content":{"rendered":"\n<h2 class=\"wp-block-heading\">Jean-Claude Vignoli<\/h2>\n\n\n<div class=\"wp-block-image\">\n<figure class=\"alignleft\"><img loading=\"lazy\" decoding=\"async\" width=\"150\" height=\"150\" src=\"https:\/\/www.jcvignoli.com\/blog\/wp-content\/uploads\/Moi-150x150.jpg\" alt=\"Jean-Claude Vignoli\" class=\"wp-image-2334\"\/><\/figure>\n<\/div>\n\n\n<p>Apr\u00e8s plusieurs ann\u00e9es en Afrique, je parcours actuellement l&rsquo;Am\u00e9rique Latine, r\u00e9sidant chez plusieurs peuples autochtones, comme les <a href=\"https:\/\/www.jcvignoli.com\/blog\/2019\/la-cosmovision-des-bribris-du-costa-rica\">Bri-bris au Costa Rica<\/a>, les <a href=\"https:\/\/www.jcvignoli.com\/blog\/2019\/les-kogis-ou-comment-survive-face-a-la-modernite-lorsquon-valorise-la-tradition\">Kogis en Colombie<\/a>, les <a href=\"https:\/\/www.jcvignoli.com\/blog\/2020\/les-qeros-un-peuple-descendant-des-incas-mais-plus-pour-longtemps\">Qeros au P\u00e9rou<\/a>, les <a href=\"\/blog\/2021\/les-vrais-heros-de-lamazonie\">Uchupiamonas<\/a> en Bolivie, les <a href=\"\/blog\/2021\/les-guaranis-ou-limpossible-survie-dans-la-foret-paraguayenne\">Guaranis<\/a> au Paraguay. Je suis passionn\u00e9 d&rsquo;arch\u00e9ologie et d&rsquo;arts antiques, mais ne rechigne pas \u00e0 essayer de comprendre la physique quantique ou l&rsquo;art moderne. J&rsquo;aime la litt\u00e9rature et la philosophie raffole du <a href=\"https:\/\/www.jcvignoli.com\/blog\/critiques-de-cinema\">cin\u00e9ma<\/a> qui fait r\u00eaver intelligemment. J&rsquo;aime le pr\u00e9sent et le pass\u00e9, car le futur nous concerne tous.<\/p>\n\n\n\n<p>Je suis le fondateur des&nbsp;<a title=\"ONG Les Gardiens de l Amazonie\" href=\"https:\/\/guardians.jcvignoli.com\/\">Gardiens de l&rsquo;Amazonie<\/a>&nbsp;(2024-), une ONG qui se consacre \u00e0 la&nbsp;<b>protection de la for\u00eat sud-am\u00e9ricaine et de ses peuples natifs<\/b>. Je suis&nbsp;<a href=\"https:\/\/lapuerta.jcvignoli.com\/?code=itisok\">promoteur touristique<\/a> (2024-), visant \u00e0 offrir des alternatives aux anciens gu\u00e9rilleros et narcotrafiquants colombiens. Je suis <b>journaliste<\/b>&nbsp;freelance (2020-), donnant la parole aux communaut\u00e9s marginalis\u00e9es, notamment les peuples autochtones. Je suis \u00e9galement&nbsp;<b>consultant international en droits humains<\/b> (2023-), aidant les activistes \u00e0 poursuivre leurs objectifs pour un impact maximum.&nbsp;J&rsquo;ai un master en relations internationales en&nbsp;<a title=\"Graduate institute of international and development studies of Geneva\" href=\"https:\/\/graduateinstitute.ch\/\" rel=\"external\">Hautes Etudes Internationales<\/a> (2001-2005), et suis l&rsquo;ancien cofondateur et directeur des programmes d&rsquo;<a title=\"UPR Info, promoting and strengthening the Universal Periodic Review\" href=\"https:\/\/www.upr-info.org\/\" rel=\"external\">UPR Info<\/a>&nbsp;(2008-2017), une ONG internationale de&nbsp;<b>droits humains<\/b>&nbsp;que j&rsquo;ai cofond\u00e9.&nbsp;J&rsquo;ai aussi \u00e9t\u00e9 responsable national au sein de l&rsquo;ONG&nbsp;<a title=\"Eco Activists for Governance and Law Enforcement\" href=\"http:\/\/www.eagle-enforcement.org\/\">EAGLE<\/a>&nbsp;(lutte contre le&nbsp;<b>trafic d&rsquo;animaux prot\u00e9g\u00e9s<\/b>&nbsp;en Afrique, 2017-2019). Dans cette fonction, j&rsquo;ai \u00e9t\u00e9 charg\u00e9 de l&rsquo;infiltration de r\u00e9seaux criminels pour mettre fin \u00e0 leurs activit\u00e9s ill\u00e9gales. J&rsquo;ai \u00e9t\u00e9 membre du Comit\u00e9 des Verts de la Ville de Gen\u00e8ve (2011-2012), en Suisse. En qualit\u00e9 de journaliste b\u00e9n\u00e9vole et militant pour la section suisse d&rsquo;<a title=\"site d'Amnesty International section Suisse\" href=\"https:\/\/www.amnesty.ch\/\">Amnesty International<\/a>&nbsp;(2010-2013), j&rsquo;ai organis\u00e9 de nombreuses actions pour d\u00e9noncer la&nbsp;<a href=\"https:\/\/www.jcvignoli.com\/blog\/2007\/peine-de-mort-et-si-cetait-votre-enfant\">peine de mort<\/a>&nbsp;et la torture partout dans le monde. Enfin, je suis l&rsquo;auteur de&nbsp;<a href=\"https:\/\/www.jcvignoli.com\/pour-une-poignee-d-ivoire\/\">Pour une poign\u00e9e d&rsquo;ivoire<\/a>&nbsp;(2023), un&nbsp;<b>livre<\/b>&nbsp;t\u00e9moignant de mon exp\u00e9rience du contre-trafic d&rsquo;esp\u00e8ces animales en Afrique.<\/p>\n\n\n\n<p>Je m\u00e8ne les combats \u00e9thiques et pratiques, c&rsquo;est-\u00e0-dire ceux pour lesquels mon action peut faire une diff\u00e9rence pour les plus d\u00e9favoris\u00e9s, humains comme animaux.<\/p>\n\n\n\n<h2 class=\"wp-block-heading\">Floril\u00e8ge de publications :<\/h2>\n\n\n\n<p><a href=\"\/blog\/2024\/la-gambie-un-moteur-de-justice-inter-nationale\">La Gambie, un moteur de justice (inter-) nationale<\/a> ? (Afrique, Droits humains, <a href=\"https:\/\/web.archive.org\/web\/20240205011522\/https:\/\/lecourrier.ch\/2024\/02\/04\/la-gambie-un-moteur-de-justice\/\">Le Courrier<\/a>, 2024, <a href=\"https:\/\/www.jcvignoli.com\/blog\/wp-content\/uploads\/2024-Gambie-Le-courrier.pdf\">pdf<\/a>)<\/p>\n\n\n\n<p><a href=\"https:\/\/www.jcvignoli.com\/ppi\/\">Pour une poign\u00e9e d&rsquo;ivoire<\/a>&nbsp;(Livre, <a href=\"https:\/\/www.editionsfavre.com\/livres\/pour-une-poignee-divoire\/\">Editions Favre<\/a>, 2023)<\/p>\n\n\n\n<p><a href=\"https:\/\/www.jcvignoli.com\/blog\/2022\/donner-de-lespoir-balle-au-pied-aux-prisonniers\">La balle aux prisonniers<\/a>, un ONG peu commune (sport et droits humains,<a href=\"https:\/\/echomagazine.ch\/\"> Echo Magazine<\/a>, 2022, <a href=\"\/blog\/wp-content\/uploads\/Echomagazine_labap_2022.pdf\">pdf<\/a>)<\/p>\n\n\n\n<p>Les <a href=\"\/blog\/2021\/les-cholitas-luchadoras-de-la-paz\">cholitas luchadoras<\/a> (sport et culture, <a href=\"https:\/\/web.archive.org\/web\/20211126134332\/https:\/\/www.letemps.ch\/sport\/cholitas-catcheuses-legalite\">Le Temps<\/a>, 2021)<\/p>\n\n\n\n<p>Les <a href=\"\/blog\/2021\/les-missions-jesuites-du-paraguay-une-utopie\">missions j\u00e9suites du Paraguay<\/a>, une utopie? (Culture, histoire, <a href=\"\/blog\/2021\/les-missions-jesuites-du-paraguay-une-utopie\">Echo Magazine<\/a>, 2021)<\/p>\n\n\n\n<p><a href=\"\/blog\/2021\/les-autochtones-marchent-pour-le-respect-de-leurs-terres-en-bolivie\">Les autochtones marchent pour le respect de leurs terres en Bolivie<\/a> (Interview, autochtones, <a href=\"http:\/\/www.icrainternational.org\/actualites\/?post=les-autochtones-marchent-pour-le-respect-de-leurs-terres-en-bolivie\">Ikewan<\/a> 2021)<\/p>\n\n\n\n<p><a href=\"https:\/\/www.jcvignoli.com\/blog\/2021\/daniel-chappuis-un-viticulteur-entre-dans-la-legende-en-bolivie\">Daniel Chappuis, un viticulteur suisse entr\u00e9 dans la l\u00e9gende en Bolivie<\/a> (Portrait, <a href=\"https:\/\/echomagazine.ch\">Echo Magazine<\/a>, 2021, <a title=\"Echo Magazine juin 2021 - Daniel Chappuis\" href=\"https:\/\/www.jcvignoli.com\/blog\/wp-content\/uploads\/Echo-Magazine-25-2021.pdf\">pdf<\/a>)<\/p>\n\n\n\n<p><a href=\"https:\/\/www.jcvignoli.com\/blog\/2021\/caral-la-plus-ancienne-civilisation-des-ameriques-en-peril-pour-cause-de-pandemie\">Caral, 5000 ans d\u2019histoire en p\u00e9ril \u00e0 cause de Covid-19<\/a> (Arch\u00e9ologie, <a href=\"https:\/\/web.archive.org\/web\/20210615040754\/https:\/\/www.heidi.news\/sciences\/caral-5000-ans-d-histoire-en-peril-a-cause-de-covid-19\">Heidi.news<\/a>, 2021, <a href=\"https:\/\/www.jcvignoli.com\/blog\/wp-content\/uploads\/Caral-5000-ans-dhistoire-en-peril-a-cause-de-Covid-19-Heidi.news_.pdf\">pdf<\/a>)<\/p>\n\n\n\n<p><a href=\"\/blog\/2021\/eva-copa-le-nouvel-espoir-del-alto\">Eva Copa, le nouvel espoir d&rsquo;El Alto<\/a> (Politique, Le <a href=\"https:\/\/web.archive.org\/web\/20210426211841\/https:\/\/lecourrier.ch\/2021\/04\/26\/eva-copa-le-nouvel-espoir-del-alto\/\">Courrier<\/a>, 2021, <a href=\"https:\/\/www.jcvignoli.com\/blog\/wp-content\/uploads\/LeCourrierElAlto20210427.pdf\">pdf<\/a>)<\/p>\n\n\n\n<p><a href=\"\/blog\/2021\/la-liberation-et-la-securite-passent-par-lagriculture-urbaine-en-bolivie\">Les jardins de l&rsquo;\u00e9mancipation<\/a> (Soci\u00e9t\u00e9, Le <a href=\"https:\/\/web.archive.org\/web\/20210426173537\/https:\/\/lecourrier.ch\/2021\/04\/26\/les-jardins-de-lemancipation\/\">Courrier<\/a>, 2021, <a href=\"https:\/\/www.jcvignoli.com\/blog\/wp-content\/uploads\/LeCourrierElAlto20210427.pdf\">pdf<\/a>)<\/p>\n\n\n\n<p><a href=\"\/blog\/2020\/vices-et-ruee-vers-lor-dans-la-plus-haute-ville-de-monde-la-rinconada\">L\u2019enfer dor\u00e9 de l\u2019Altiplano p\u00e9ruvien<\/a> (Soci\u00e9t\u00e9 et Environnement, Le <a href=\"https:\/\/web.archive.org\/web\/20200908024411\/https:\/\/lecourrier.ch\/2020\/09\/07\/lenfer-dore-de-laltiplano-peruvien\/\">Courrier<\/a>, 2020)<\/p>\n\n\n\n<p>Les Kogis, entre tradition et modernit\u00e9 (Peuples autochtones et environnement, <a href=\"https:\/\/web.archive.org\/web\/20200424103711\/https:\/\/www.icrainternational.org\/ikewan\/?post=112-les-kogis-de-colombie\">Ikewan<\/a>, 2020)<\/p>\n\n\n\n<p>Le grand dirigeant des Mochicas \u00e9tait&#8230; une femme ! (Arch\u00e9ologie, <a href=\"https:\/\/www.jcvignoli.com\/blog\/wp-content\/uploads\/Le-dirigeant-Mochica-\u00e9tait-une-femme-Echo-Magazine-04-2020.pdf\">L&rsquo;Echo Magazine<\/a>, 2020)<\/p>\n\n\n\n<p>L&rsquo;enseignement du peuple autochtone des Kogis face aux d\u00e9fis climatiques (Peuples autochtones et environnement, <a href=\"https:\/\/web.archive.org\/web\/20200908025222\/https:\/\/www.heidi.news\/sciences\/l-enseignement-du-peuple-autochtone-des-kogis-face-aux-defis-climatiques\">Heidi.news<\/a>, 2019)<\/p>\n\n\n\n<p><a href=\"https:\/\/pub.jcvignoli.com\/UPRINFO_the_butterfly_effect-2016.pdf\">The Butterfly Effect &#8211; Spreading good practices of UPR implementation<\/a> (Human rights, UPR Info, 2016)<\/p>\n\n\n\n<p><a href=\"https:\/\/www.jcvignoli.com\/blog\/2015\/des-geants-decimes-pour-une-poignee-divoire-les-dessous-du-braconnage-delephants-au-kenya\">Des g\u00e9ants d\u00e9cim\u00e9s pour une poign\u00e9e d&rsquo;ivoire, les dessous de la r\u00e9alit\u00e9 du braconnage<\/a> (Environnement, <a href=\"https:\/\/www.jcvignoli.com\/blog\/wp-content\/uploads\/2015-Rangers-h\u00e9ro\u00efques-Le-Temps.pdf\">Le Temps<\/a>, 2015)<\/p>\n\n\n\n<p><a href=\"https:\/\/pub.jcvignoli.com\/UPRINFO_beyond_promises-2014.pdf\">Beyond Promises &#8211; the impact of the UPR on the ground<\/a> (Human rights, UPR Info, 2014)<\/p>\n\n\n\n<p><a href=\"https:\/\/pub.jcvignoli.com\/UPRINFO_on_the_road_to_implementation-2012.pdf\">On the Road to Implementation<\/a> (Human rights, UPR Info, 2012)<\/p>\n\n\n\n<p>Les coulisses du r\u00e9gime Khadafi, interview d&rsquo;Idris Aboufaied (Droits humains, <a href=\"https:\/\/web.archive.org\/web\/20200325134952\/https:\/\/www.amnesty.ch\/fr\/sur-amnesty\/publications\/magazine-amnesty\/2009-3\/les-coulisses-du-regime-kadhafi\">Amnesty International<\/a>, 2009)<\/p>\n\n\n\n<p><a href=\"https:\/\/web.archive.org\/web\/20200908025353\/https:\/\/come4news.com\/droits-de-lhomme-a-lupr-une-france-au-dessus-de-tous-soupcons\/\">Droits de l&rsquo;homme \u00e0 l&rsquo;UPR; Une France au-dessus de tout soup\u00e7on ?<\/a> (Droits humains, Comes4news, 2008)<\/p>\n\n\n\n<p><a href=\"https:\/\/web.archive.org\/web\/20200325142712\/https:\/\/www.amnesty.ch\/fr\/sur-amnesty\/publications\/magazine-amnesty\/2008-2\/oksana-chelysheva-russie-tchetchenie\">Russie: \u00ab\u00a0Tout est verrouill\u00e9 depuis le haut\u00a0\u00bb<\/a>, interview d&rsquo;Oxana Chelysheva (Droits humains, Amnesty International, 2008)<\/p>\n\n\n\n<p><a href=\"\/blog\/2007\/hyperdemocratiecom-comment-les-nouvelles-technologies-alterent-definitivement-les-structures-politiques\">Hyperd\u00e9mocratie.com \u2013 comment nos superd\u00e9mocraties sont devenues hyperm\u00e9morielles<\/a> (Essai, Sciences politiques, NTIC et sociologie, 2007)<\/p>\n\n\n\n<p><a href=\"https:\/\/web.archive.org\/web\/20200908025718\/https:\/\/www.agoravox.fr\/actualites\/international\/article\/les-consequences-de-la-mort-de-8541\">Les cons\u00e9quences de la mort de Milosevic<\/a> (Politique, Agoravox, 2006)<\/p>\n\n\n\n<h2 class=\"wp-block-heading\">Du ton<\/h2>\n\n\n\n<p>Ce blog m\u00e9lange les genres, les sujets, et peut sembler parfois en d\u00e9calage. Il est os\u00e9 de m\u00e9langer les tons, car le risque est de ne pas \u00eatre pris au s\u00e9rieux. Je vois cela comme une erreur, le monde est complexe et la s\u00e9paration n&rsquo;a de sens que si l&rsquo;on rassemble ce qui est \u00e9pars. Mes centres d&rsquo;int\u00e9r\u00eats sont multiples, pour la simple et bonne raison que la vie est courte. Tr\u00e8s courte.<\/p>\n\n\n\n<h2 class=\"wp-block-heading\">De l&rsquo;utilisation<\/h2>\n\n\n\n<p>Que ce soit sur n&rsquo;importe quel sujet sur le blog, exprimez-vous librement, sans crainte d&rsquo;une quelconque censure.<\/p>\n\n\n\n<p>N&rsquo;h\u00e9sitez pas \u00e0 r\u00e9pondre bien plus tard \u00e0 un article, \u00e0 r\u00e9agir \u00e0 des mots qui vous ont choqu\u00e9, \u00e0 demander plusieurs mois (ann\u00e9es?) plus tard une quelconque pr\u00e9cision; soyez assur\u00e9 que votre message ne restera pas sans r\u00e9ponse.<\/p>\n\n\n\n<p>Vous pouvez \u00e9galement consulter une <a href=\"\/blog\/dossiers\">page regroupant les articles les plus travaill\u00e9s<\/a>, une relative \u00e0 mes <a href=\"\/blog\/critiques-de-cinema\">critiques de cin\u00e9phile<\/a> ou encore jeter un coup d&rsquo;oeil \u00e0 la <a href=\"\/blog\/archives\">page d&rsquo;archives<\/a>.<\/p>\n\n\n\n<p>Pour toute question, visitez <a title=\"page pour me contacter\" href=\"https:\/\/www.jcvignoli.com\/blog\/contact\">la page permettant de me contacter<\/a>.<\/p>\n\n\n\n<p>Le <a href=\"\/blog\/feed\">fil RSS du site<\/a> est disponible.<\/p>\n","protected":false},"excerpt":{"rendered":"<p>Jean-Claude Vignoli Apr\u00e8s plusieurs ann\u00e9es en Afrique, je parcours actuellement l&rsquo;Am\u00e9rique Latine, r\u00e9sidant chez plusieurs peuples autochtones, comme les Bri-bris au Costa Rica, les Kogis en Colombie, les Qeros au P\u00e9rou, les Uchupiamonas en Bolivie, les Guaranis au Paraguay. Je suis passionn\u00e9 d&rsquo;arch\u00e9ologie et d&rsquo;arts antiques, mais ne rechigne pas \u00e0 essayer de comprendre la [&hellip;]<\/p>\n","protected":false},"author":1,"featured_media":2334,"parent":0,"menu_order":0,"comment_status":"open","ping_status":"closed","template":"","meta":{"ocean_post_layout":"","ocean_both_sidebars_style":"","ocean_both_sidebars_content_width":0,"ocean_both_sidebars_sidebars_width":0,"ocean_sidebar":"0","ocean_second_sidebar":"0","ocean_disable_margins":"enable","ocean_add_body_class":"","ocean_shortcode_before_top_bar":"","ocean_shortcode_after_top_bar":"","ocean_shortcode_before_header":"","ocean_shortcode_after_header":"","ocean_has_shortcode":"","ocean_shortcode_after_title":"","ocean_shortcode_before_footer_widgets":"","ocean_shortcode_after_footer_widgets":"","ocean_shortcode_before_footer_bottom":"","ocean_shortcode_after_footer_bottom":"","ocean_display_top_bar":"default","ocean_display_header":"default","ocean_header_style":"","ocean_center_header_left_menu":"0","ocean_custom_header_template":"0","ocean_custom_logo":0,"ocean_custom_retina_logo":0,"ocean_custom_logo_max_width":0,"ocean_custom_logo_tablet_max_width":0,"ocean_custom_logo_mobile_max_width":0,"ocean_custom_logo_max_height":0,"ocean_custom_logo_tablet_max_height":0,"ocean_custom_logo_mobile_max_height":0,"ocean_header_custom_menu":"0","ocean_menu_typo_font_family":"0","ocean_menu_typo_font_subset":"","ocean_menu_typo_font_size":0,"ocean_menu_typo_font_size_tablet":0,"ocean_menu_typo_font_size_mobile":0,"ocean_menu_typo_font_size_unit":"px","ocean_menu_typo_font_weight":"","ocean_menu_typo_font_weight_tablet":"","ocean_menu_typo_font_weight_mobile":"","ocean_menu_typo_transform":"","ocean_menu_typo_transform_tablet":"","ocean_menu_typo_transform_mobile":"","ocean_menu_typo_line_height":0,"ocean_menu_typo_line_height_tablet":0,"ocean_menu_typo_line_height_mobile":0,"ocean_menu_typo_line_height_unit":"","ocean_menu_typo_spacing":0,"ocean_menu_typo_spacing_tablet":0,"ocean_menu_typo_spacing_mobile":0,"ocean_menu_typo_spacing_unit":"","ocean_menu_link_color":"","ocean_menu_link_color_hover":"","ocean_menu_link_color_active":"","ocean_menu_link_background":"","ocean_menu_link_hover_background":"","ocean_menu_link_active_background":"","ocean_menu_social_links_bg":"","ocean_menu_social_hover_links_bg":"","ocean_menu_social_links_color":"","ocean_menu_social_hover_links_color":"","ocean_disable_title":"default","ocean_disable_heading":"default","ocean_post_title":"","ocean_post_subheading":"","ocean_post_title_style":"","ocean_post_title_background_color":"","ocean_post_title_background":0,"ocean_post_title_bg_image_position":"","ocean_post_title_bg_image_attachment":"","ocean_post_title_bg_image_repeat":"","ocean_post_title_bg_image_size":"","ocean_post_title_height":0,"ocean_post_title_bg_overlay":0.5,"ocean_post_title_bg_overlay_color":"","ocean_disable_breadcrumbs":"default","ocean_breadcrumbs_color":"","ocean_breadcrumbs_separator_color":"","ocean_breadcrumbs_links_color":"","ocean_breadcrumbs_links_hover_color":"","ocean_display_footer_widgets":"default","ocean_display_footer_bottom":"default","ocean_custom_footer_template":"0","footnotes":""},"class_list":["post-172","page","type-page","status-publish","has-post-thumbnail","hentry","lumiere-director-jose-luis-lopez-linares","lumiere-genre-documentary","entry","has-media"],"aioseo_notices":[],"language":"fr","_links":{"self":[{"href":"https:\/\/www.jcvignoli.com\/blog\/wp-json\/wp\/v2\/pages\/172","targetHints":{"allow":["GET"]}}],"collection":[{"href":"https:\/\/www.jcvignoli.com\/blog\/wp-json\/wp\/v2\/pages"}],"about":[{"href":"https:\/\/www.jcvignoli.com\/blog\/wp-json\/wp\/v2\/types\/page"}],"author":[{"embeddable":true,"href":"https:\/\/www.jcvignoli.com\/blog\/wp-json\/wp\/v2\/users\/1"}],"replies":[{"embeddable":true,"href":"https:\/\/www.jcvignoli.com\/blog\/wp-json\/wp\/v2\/comments?post=172"}],"version-history":[{"count":2,"href":"https:\/\/www.jcvignoli.com\/blog\/wp-json\/wp\/v2\/pages\/172\/revisions"}],"predecessor-version":[{"id":6574,"href":"https:\/\/www.jcvignoli.com\/blog\/wp-json\/wp\/v2\/pages\/172\/revisions\/6574"}],"wp:featuredmedia":[{"embeddable":true,"href":"https:\/\/www.jcvignoli.com\/blog\/wp-json\/wp\/v2\/media\/2334"}],"wp:attachment":[{"href":"https:\/\/www.jcvignoli.com\/blog\/wp-json\/wp\/v2\/media?parent=172"}],"curies":[{"name":"wp","href":"https:\/\/api.w.org\/{rel}","templated":true}]}}